{"id":9631,"date":"2023-10-11T08:04:01","date_gmt":"2023-10-11T06:04:01","guid":{"rendered":"https:\/\/pluginaudio.es\/01Blog\/?page_id=9631"},"modified":"2023-10-11T08:14:43","modified_gmt":"2023-10-11T06:14:43","slug":"rgpd","status":"publish","type":"page","link":"https:\/\/pluginaudio.es\/01Blog\/rgpd\/","title":{"rendered":""},"content":{"rendered":"\n<h2 class=\"wp-block-heading\">POLITICA DE PRIVACIDAD Y PROTECCION DE DATOS:<\/h2>\n\n\n\n<h3 class=\"wp-block-heading\">En cumplimiento del&nbsp;Reglamento General de Protecci\u00f3n de Datos (RGPD)<\/h3>\n\n\n\n<ul class=\"wp-block-list\">\n<li>Respetamos su privacidad y sus elecciones.<\/li>\n\n\n\n<li>La privacidad y la seguridad de sus datos est\u00e1n incorporadas a nuestra pol\u00edtica.<\/li>\n\n\n\n<li>No enviamos comunicaciones de marketing a menos que se soliciten expresamente. Se pueden solicitar en cualquier momento.<\/li>\n\n\n\n<li>Nunca ofrecemos ni cedemos sus datos a terceras personas, empresas o instituciones, sin su consentimiento expreso.<\/li>\n\n\n\n<li>Asumimos un compromiso de transparencia sobre el uso de sus datos.<\/li>\n\n\n\n<li>No utilizamos sus datos sin haberle informado ni haber solicitado su consentimiento.<\/li>\n\n\n\n<li>Respetamos sus derechos seg\u00fan lo establecido en la normativa y de acuerdo con nuestras propias responsabilidades legales y operativas.<\/li>\n<\/ul>\n\n\n\n<p>Para obtener m\u00e1s informaci\u00f3n acerca de nuestras pr\u00e1cticas de privacidad, a continuaci\u00f3n, establecemos qu\u00e9 tipos de datos personales podemos recabar o mantener sobre usted, c\u00f3mo podemos usarlos, con qui\u00e9n podemos compartirlos, c\u00f3mo los protegemos, y c\u00f3mo puede ejercitar sus derechos respecto de dichos datos. Cuando comparte sus datos personales con nosotros o cuando recabamos datos personales sobre usted, los usamos de acuerdo con esta Pol\u00edtica de Privacidad.<\/p>\n\n\n\n<p><strong>Cualquier duda, consulta o solicitud referente a la Protecci\u00f3n de Datos puede comentarla directamente con el Delegado de Protecci\u00f3n de Datos,&nbsp;Jorge P\u00e9rez L\u00f3pez, al tel\u00e9fono 986246607 en los horarios que figuran en nuestra home, de lunes a viernes laborables o enviando un correo electr\u00f3nico a&nbsp;<a href=\"mailto:delegadoprotecciondatos@pluginaudio.es\">delegadoprotecciondatos@pluginaudio.es<\/a><\/strong><\/p>\n\n\n\n<p><strong>Puede ejercer su derecho de borrado de sus datos en cualquier momento enviando un e-mail con el asunto \u00abBORRAR\u00bb a la direcci\u00f3n&nbsp;<a href=\"mailto:borrardatos@pluginaudio.es\">borrardatos@pluginaudio.es<\/a><\/strong><\/p>\n\n\n\n<p><strong>Datos Personales:<\/strong><\/p>\n\n\n\n<p>Denominamos \u00abDatos Personales\u00bb a toda informaci\u00f3n o datos que pueda identificarlo directamente (por ejemplo, su nombre o apellidos) o indirectamente (por ejemplo, su documento nacional de identidad o D.N.I. o N.I.F.). Los Datos Personales incluyen informaci\u00f3n tal como el correo electr\u00f3nico \/ direcciones postales particulares \/ tel\u00e9fono m\u00f3vil, nombres de usuario y edad. Tambi\u00e9n podr\u00eda incluir identificadores num\u00e9ricos \u00fanicos como la direcci\u00f3n IP de su ordenador o la direcci\u00f3n MAC de su dispositivo m\u00f3vil, as\u00ed como tambi\u00e9n la informaci\u00f3n que obtenemos a trav\u00e9s de cookies.<\/p>\n\n\n\n<p>Esta Pol\u00edtica cubre todos los datos personales recopilados y utilizados por PluginAudio S.L.U.<\/p>\n\n\n\n<p><strong>Base Legal de Tratamiento de Datos Personales:<\/strong><\/p>\n\n\n\n<p>Su expreso consentimiento es la base legal en la que fundamentamos el tratamiento de sus datos.<\/p>\n\n\n\n<p><strong>Recogida de Datos Personales y Finalidades del Tratamiento:<\/strong><\/p>\n\n\n\n<p>Recuerde que antes de empezar a utilizar cualquiera de nuestros servicios o funcionalidades, deber\u00e1 leer esta Pol\u00edtica, as\u00ed como los T\u00e9rminos de Uso de la secci\u00f3n espec\u00edfica que verse sobre ese servicio o funcionalidad. En dicha secci\u00f3n podr\u00e1 ver si hay alguna condici\u00f3n particular para su uso, o si se requiere un tratamiento espec\u00edfico de sus Datos Personales.<\/p>\n\n\n\n<p>Cuando recabamos sus Datos Personales, indicamos los campos obligatorios a trav\u00e9s de asteriscos. Algunos de los datos que le solicitamos son necesarios para la prestaci\u00f3n de cualquiera de los servicios disponibles en www.pluginaudio.es.&nbsp;El hecho de no facilitar cierta informaci\u00f3n se\u00f1alada como obligatoria, puede conllevar que no sea posible gestionar su registro como usuario o el uso de determinadas funcionalidades o servicios disponibles a trav\u00e9s de www.pluginaudio.es<\/p>\n\n\n\n<p>Podemos recabar datos suyos a trav\u00e9s de los formularios de registro de la web, a trav\u00e9s de correos electr\u00f3nicos que recibamos de usted, o de los datos que facilite en nuestro formulario de contacto.&nbsp;<\/p>\n\n\n\n<p>En ning\u00fan caso recabamos datos de terceras empresas, ni de cualquier otra fuente que no sean exclusivamente las citadas.<\/p>\n\n\n\n<p><strong>Nuestro inter\u00e9s leg\u00edtimo en la recopilaci\u00f3n de sus datos es:<\/strong><\/p>\n\n\n\n<ul class=\"wp-block-list\">\n<li>Permitir el funcionamiento de nuestro sitio web a trav\u00e9s de cookies t\u00e9cnicas y funcionales, as\u00ed como mantener nuestras herramientas (sitios web \/ aplicaciones \/ dispositivos) a salvo y seguras para garantizar que funcionen correctamente y mejoren continuamente.<\/li>\n\n\n\n<li>Realizar los servicios que nos solicita, tramitar sus pedidos, realizar env\u00edos y generar documentos legales como albaranes y facturas.<\/li>\n\n\n\n<li>Ofrecerle nuestro servicio de atenci\u00f3n al cliente.<\/li>\n\n\n\n<li>Remitir por medios electr\u00f3nicos, u otro medio de comunicaci\u00f3n equivalente, invitaciones para la asistencia a eventos o jornadas organizadas por el PluginAudio S.L.U. cuya asistencia ser\u00e1 en todo caso voluntaria y que puede conllevar la exigencia de registro espec\u00edfico, distinto y voluntario en el mismo por parte del interesado.<\/li>\n\n\n\n<li>El cumplimiento de obligaciones legales que conllevan un tratamiento de datos personales<\/li>\n<\/ul>\n\n\n\n<p><strong>\u00bfQui\u00e9n o qui\u00e9nes pueden tener acceso a sus Datos Personales?<\/strong><\/p>\n\n\n\n<p>Sus datos personales tambi\u00e9n pueden ser tratados en nuestro nombre por nuestros proveedores terceros de confianza, tales como gestor\u00eda y asesor\u00eda fiscal (con la finalidad \u00fanica de gesti\u00f3n de la facturaci\u00f3n) las agencias de transporte (con la finalidad \u00fanica de env\u00edo y recepci\u00f3n de mercanc\u00edas) y nuestros proveedores (con la finalidad \u00fanica de env\u00edo y recepci\u00f3n de mercanc\u00edas)<\/p>\n\n\n\n<p>Suscribimos contratos con terceros de confianza para que realicen una variedad de servicios en nuestro nombre. S\u00f3lo les proporcionamos la informaci\u00f3n que necesitan para realizar el servicio, y les exigimos que no utilicen sus datos personales para ning\u00fan otro prop\u00f3sito. Siempre hacemos nuestro mayor esfuerzo para garantizar que todos los terceros con los que trabajamos mantengan la seguridad de los datos personales que les proporcionamos.<\/p>\n\n\n\n<p><strong>\u00bfCu\u00e1nto tiempo conservamos&nbsp;sus Datos Personales?<\/strong><br><br>Solo conservamos sus Datos Personales durante el tiempo que los necesitemos para el prop\u00f3sito o finalidad para el que han sido recabados con su consentimiento expreso, al objeto de satisfacer sus necesidades o para cumplir con nuestras obligaciones legales.<br><br>Es posible que retengamos algunos datos personales para cumplir con nuestras obligaciones legales o reglamentarias, as\u00ed como para administrar nuestros derechos (por ejemplo, para hacer valer nuestras reclamaciones ante los tribunales) o con fines estad\u00edsticos o hist\u00f3ricos.<br><br>Cuando ya no necesitemos usar sus datos personales, se eliminar\u00e1n de nuestros sistemas y registros.<\/p>\n\n\n\n<p><strong>\u00bfSe guardan sus Datos Personales de forma segura?<\/strong><br><br>Nos comprometemos a proteger sus Datos Personales y a tomar todas las precauciones razonables para hacerlo. Exigimos contractualmente que los terceros de confianza que manejan sus Datos Personales hagan lo mismo.<br><br>Siempre hacemos nuestro mejor esfuerzo para proteger sus Datos Personales y una vez que hemos recibido su informaci\u00f3n personal, utilizamos procedimientos estrictos y funciones de seguridad para tratar de evitar el acceso no autorizado. Como la transmisi\u00f3n de informaci\u00f3n a trav\u00e9s de Internet no es completamente segura, no podemos garantizar la seguridad de sus datos transmitidos a nuestro sitio. Por ello, cualquier transmisi\u00f3n es bajo su propio riesgo.<br><br><strong>Enlaces a terceros o social media.<\/strong><br><br>Nuestros sitios web y aplicaciones pueden contener enlaces hacia y desde los sitios web de nuestras redes asociadas. Si sigue un enlace a cualquiera de estos sitios web, tenga en cuenta que estos sitios web tienen sus propias pol\u00edticas de privacidad y que no somos responsables de estas pol\u00edticas. Consulte estas pol\u00edticas antes de enviar datos personales a estos sitios web.<br><br><strong>Derechos del interesado y ejercicio de los mismos:<\/strong><br><br>PluginAudio respeta su derecho a la privacidad: es importante que usted tenga el control sobre sus datos de car\u00e1cter personal. En este sentido le informamos que le corresponden los siguientes derechos:<br><br>Derecho de Informaci\u00f3n<\/p>\n\n\n\n<p>Tiene derecho a obtener informaci\u00f3n clara, transparente y f\u00e1cil de entender sobre la forma en que usamos sus datos personales y sobre sus derechos. Le facilitamos dicha informaci\u00f3n en esta Pol\u00edtica.<\/p>\n\n\n\n<p>Derecho de acceso<\/p>\n\n\n\n<p>Tiene derecho a acceder a los datos personales que tenemos de usted (con ciertos l\u00edmites).<br>Podremos cobrar una cantidad razonable, previo aviso, para cubrir los costes administrativos incurridos al facilitar la informaci\u00f3n.<br>Las solicitudes manifiestamente infundadas, excesivas o repetitivas podr\u00e1n no ser atendidas.<br>Para ejercer este derecho, puede ponerse en contacto con nosotros&nbsp;enviando un correo electr\u00f3nico a&nbsp;<a href=\"mailto:delegadoprotecciondatos@pluginaudio.es\">delegadoprotecciondatos@pluginaudio.es<\/a><\/p>\n\n\n\n<p>Derecho de rectificaci\u00f3n<\/p>\n\n\n\n<p>Tiene derecho a hacer que se rectifiquen sus datos personales cuando sean inexactos o hayan dejado de ser v\u00e1lidos o a hacer que se completen cuando sean incompletos.<br>Para ejercer este derecho, puede ponerse en contacto con nosotros&nbsp;enviando un correo electr\u00f3nico a&nbsp;<a href=\"mailto:delegadoprotecciondatos@pluginaudio.es\">delegadoprotecciondatos@pluginaudio.es<\/a><\/p>\n\n\n\n<p>Derecho de supresi\u00f3n\/olvido<\/p>\n\n\n\n<p>En determinados casos, le corresponde el derecho a hacer que sus datos personales sean borrados o eliminados. Es preciso se\u00f1alar que no se trata de un derecho absoluto, puesto que podremos tener motivos legales o leg\u00edtimos para conservarlos.<br>Si desea que suprimamos sus datos personales, puede ponerse en contacto con nosotros enviando un correo electr\u00f3nico a&nbsp;<a href=\"mailto:delegadoprotecciondatos@pluginaudio.es\">delegadoprotecciondatos@pluginaudio.es<\/a><\/p>\n\n\n\n<p>Derecho de oposici\u00f3n al marketing directo<\/p>\n\n\n\n<p>Puede darse de baja de nuestras comunicaciones de marketing directo en cualquier momento enviando un correo electr\u00f3nico a&nbsp;<a href=\"mailto:delegadoprotecciondatos@pluginaudio.es\">delegadoprotecciondatos@pluginaudio.es<\/a><br><br>Derecho a retirar el consentimiento<\/p>\n\n\n\n<p>Puede retirar su consentimiento al tratamiento de sus datos personales cuando el tratamiento est\u00e9 basado en su consentimiento. La retirada del consentimiento no afectar\u00e1 a la licitud del tratamiento basado en el consentimiento previo a su retirada. Para informarse de los casos en que el tratamiento est\u00e1 basado en el consentimiento, le remitimos al apartado \u00ab\u00bfQu\u00e9 datos suyos recabamos?\u00bb, \u00ab\u00bfCu\u00e1l es la base legal para tratar sus Datos Personales?\u00bb.Si desea retirar su consentimiento, puede ponerse en contacto con nosotros&nbsp;enviando un correo electr\u00f3nico a&nbsp;<a href=\"mailto:delegadoprotecciondatos@pluginaudio.es\">delegadoprotecciondatos@pluginaudio.es<\/a><\/p>\n\n\n\n<p>Derecho de oposici\u00f3n al tratamiento basado en la satisfacci\u00f3n de intereses leg\u00edtimos<\/p>\n\n\n\n<p>Puede oponerse en cualquier momento a que tratemos sus datos cuando el tratamiento est\u00e9 basado en la satisfacci\u00f3n de intereses leg\u00edtimos. Para informarse de los casos en que el tratamiento est\u00e1 basado en intereses leg\u00edtimos, le remitimos al apartado \u00ab\u00bfQu\u00e9 datos suyos recabamos?\u00bb \u00ab\u00bfCu\u00e1l es la base legal para tratar sus Datos Personales?\u00bb.<br>Si desea ejercer este derecho, puede ponerse contacto con nosotros enviando un correo electr\u00f3nico a&nbsp;<a href=\"mailto:delegadoprotecciondatos@pluginaudio.es\">delegadoprotecciondatos@pluginaudio.es<\/a><\/p>\n\n\n\n<p>Derecho a presentar una reclamaci\u00f3n ante una autoridad de control.<\/p>\n\n\n\n<p>Tiene derecho a reclamar ante la Agencia Espa\u00f1ola de Protecci\u00f3n de Datos las pr\u00e1cticas de privacidad y protecci\u00f3n de datos de PluginAudio S.L.U.<br>No dude en ponerse en contacto con nosotros por cualquiera de los medios indicados antes de presentar una reclamaci\u00f3n ante la autoridad competente en materia de protecci\u00f3n de datos.<\/p>\n\n\n\n<p>Derecho a la portabilidad de los datos<\/p>\n\n\n\n<p>Tiene derecho a trasladar, copiar o transferir datos desde nuestra base de datos a otra distinta. Solo es posible ejercer este derecho con respecto a datos que haya facilitado, cuando el tratamiento est\u00e9 basado en la ejecuci\u00f3n de un contrato o en su consentimiento y el tratamiento se realice por medios automatizados. Para informarse de los casos en que el tratamiento est\u00e1 basado en contrato o en consentimiento, le remitimos al apartado \u00ab\u00bfQu\u00e9 datos suyos recabamos?\u00bb, \u00bb base legal para tratar sus Datos Personales\u00bb.<br>Para m\u00e1s informaci\u00f3n, puede ponerse en contacto con nosotros&nbsp;enviando un correo electr\u00f3nico a&nbsp;<a href=\"mailto:delegadoprotecciondatos@pluginaudio.es\">delegadoprotecciondatos@pluginaudio.es<\/a><\/p>\n\n\n\n<p>Derecho de limitaci\u00f3n del tratamiento<\/p>\n\n\n\n<p>Tiene derecho a solicitar la limitaci\u00f3n del tratamiento de sus datos. Si ejerce este derecho, el tratamiento de sus datos estar\u00e1 sujeto a limitaciones, por lo que podremos almacenarlos pero no podremos seguir us\u00e1ndolos ni trat\u00e1ndolos.<br>Este derecho solo puede ejercerse en determinadas circunstancias definidas por el Reglamento General de Protecci\u00f3n de Datos, como sigue :<br><\/p>\n\n\n\n<ul class=\"wp-block-list\">\n<li>que el interesado impugne la exactitud de los datos personales, durante el plazo que permita al responsable verificar la exactitud de los mismos;<\/li>\n\n\n\n<li>que el tratamiento sea il\u00edcito y el interesado se oponga a la supresi\u00f3n de los datos personales y solicite en su lugar la limitaci\u00f3n de su uso;<\/li>\n\n\n\n<li>que el responsable ya no necesite los datos personales para los fines del tratamiento, pero el interesado los necesite para la formulaci\u00f3n, el ejercicio o la defensa de reclamaciones;<\/li>\n\n\n\n<li>que el interesado se haya opuesto al tratamiento en virtud del art\u00edculo 21, apartado 1 del Reglamento (Derecho de oposici\u00f3n), mientras se verifica si los motivos leg\u00edtimos del responsable prevalecen sobre los del interesado.<\/li>\n<\/ul>\n\n\n\n<p><br>Si desea ejercer este derecho, puede ponerse en contacto con nosotros&nbsp;enviando un correo electr\u00f3nico a&nbsp;<a href=\"mailto:delegadoprotecciondatos@pluginaudio.es\">delegadoprotecciondatos@pluginaudio.es<\/a><\/p>\n\n\n\n<h4 class=\"wp-block-heading\">POL\u00cdTICA DE COOKIES:<\/h4>\n\n\n\n<p><strong>\u00bfQu\u00e9 es una Cookie?<\/strong><\/p>\n\n\n\n<p>Una Cookie es un fichero que se descarga en el dispositivo desde el que est\u00e1 navegando al acceder a la web y que contiene informaci\u00f3n sobre la navegaci\u00f3n realizada desde dicho dispositivo.<\/p>\n\n\n\n<p><strong>\u00bfPara qu\u00e9 usamos las Cookies?<\/strong><\/p>\n\n\n\n<p>En nuestro caso, dichas Cookies son utilizadas para mejorar la funcionalidad de la web para el usuario y obtener estad\u00edsticas sobre los usuarios que acceden a nuestro sitio.<\/p>\n\n\n\n<p><strong>\u00bfQu\u00e9 Cookies utilizamos nosotros?<\/strong><\/p>\n\n\n\n<p>Informaci\u00f3n de Sesi\u00f3n:<\/p>\n\n\n\n<p>Las Cookies de sesi\u00f3n son utilizadas para almacenar la informaci\u00f3n sobre el usuario que se ha conectado a la web con la finalidad de recordar sus preferencias, configuraci\u00f3n, etc&#8230;<\/p>\n\n\n\n<p>Google Analytics:<\/p>\n\n\n\n<p>Las Cookies utilizadas para Google analitics nos sirven para evaluar cu\u00e1nta gente y de qu\u00e9 manera han visitado nuestro sitio web. Dichas cookies son gestionadas por Google y almacenan informaci\u00f3n referente a las p\u00e1ginas que han sido visitadas, cuanto tiempo ha estado en cada una, etc&#8230; En caso de duda, puede consultar si lo desea tambi\u00e9n la politica de cookies de Google.<\/p>\n\n\n\n<p><strong>\u00bfQu\u00e9 ocurre si no quiero permitir las Cookies?<\/strong><\/p>\n\n\n\n<p>Como usuario, usted podr\u00e1 elegir en&nbsp;<strong>cualquier momento<\/strong>&nbsp;qu\u00e9 Cookies desea aceptar o rechazar mediante la configuraci\u00f3n de su navegador. Para esto, usted dispone de informaci\u00f3n en los siguientes enlaces:<\/p>\n\n\n\n<ul class=\"wp-block-list\">\n<li><a href=\"http:\/\/support.google.com\/chrome\/bin\/answer.py?hl=es&amp;answer=95647\">Chrome<\/a><\/li>\n\n\n\n<li><a href=\"http:\/\/support.mozilla.org\/es\/kb\/habilitar-y-deshabilitar-cookies-que-los-sitios-we\">Firefox<\/a><\/li>\n\n\n\n<li><a href=\"http:\/\/windows.microsoft.com\/en-us\/internet-explorer\/delete-manage-cookies#ie=ie-10\">Internet Explorer<\/a><\/li>\n<\/ul>\n","protected":false},"excerpt":{"rendered":"<p>POLITICA DE PRIVACIDAD Y PROTECCION DE DATOS: En cumplimiento del&nbsp;Reglamento General de Protecci\u00f3n de Datos (RGPD) Para obtener m\u00e1s informaci\u00f3n acerca de nuestras pr\u00e1cticas de&hellip;<\/p>\n","protected":false},"author":7,"featured_media":0,"parent":0,"menu_order":0,"comment_status":"closed","ping_status":"closed","template":"","meta":{"_monsterinsights_skip_tracking":false,"_monsterinsights_sitenote_active":false,"_monsterinsights_sitenote_note":"","_monsterinsights_sitenote_category":0,"footnotes":""},"class_list":["post-9631","page","type-page","status-publish","hentry"],"_links":{"self":[{"href":"https:\/\/pluginaudio.es\/01Blog\/wp-json\/wp\/v2\/pages\/9631","targetHints":{"allow":["GET"]}}],"collection":[{"href":"https:\/\/pluginaudio.es\/01Blog\/wp-json\/wp\/v2\/pages"}],"about":[{"href":"https:\/\/pluginaudio.es\/01Blog\/wp-json\/wp\/v2\/types\/page"}],"author":[{"embeddable":true,"href":"https:\/\/pluginaudio.es\/01Blog\/wp-json\/wp\/v2\/users\/7"}],"replies":[{"embeddable":true,"href":"https:\/\/pluginaudio.es\/01Blog\/wp-json\/wp\/v2\/comments?post=9631"}],"version-history":[{"count":6,"href":"https:\/\/pluginaudio.es\/01Blog\/wp-json\/wp\/v2\/pages\/9631\/revisions"}],"predecessor-version":[{"id":9639,"href":"https:\/\/pluginaudio.es\/01Blog\/wp-json\/wp\/v2\/pages\/9631\/revisions\/9639"}],"wp:attachment":[{"href":"https:\/\/pluginaudio.es\/01Blog\/wp-json\/wp\/v2\/media?parent=9631"}],"curies":[{"name":"wp","href":"https:\/\/api.w.org\/{rel}","templated":true}]}}