{"id":9041,"date":"2023-10-06T13:38:15","date_gmt":"2023-10-06T11:38:15","guid":{"rendered":"https:\/\/pluginaudio.es\/01Blog\/?page_id=9041"},"modified":"2025-06-25T17:17:47","modified_gmt":"2025-06-25T15:17:47","slug":"mezcla","status":"publish","type":"page","link":"https:\/\/pluginaudio.es\/01Blog\/mezcla\/","title":{"rendered":"Mezcla"},"content":{"rendered":"\n<h5 class=\"wp-block-heading\" style=\"font-size:30px\">Soy tu aliado en la etapa cr\u00edtica, donde todo toma su dimensi\u00f3n<\/h5>\n<\/div>\n<\/div>\n\n\n\n<p><\/p>\n\n\n\n<div class=\"wp-block-media-text is-stacked-on-mobile is-style-default\"><figure class=\"wp-block-media-text__media\"><img loading=\"lazy\" decoding=\"async\" width=\"1918\" height=\"1056\" src=\"https:\/\/pluginaudio.es\/01Blog\/wp-content\/uploads\/n12.png\" alt=\"\" class=\"wp-image-9449 size-full\" srcset=\"https:\/\/pluginaudio.es\/01Blog\/wp-content\/uploads\/n12.png 1918w, https:\/\/pluginaudio.es\/01Blog\/wp-content\/uploads\/n12-300x165.png 300w, https:\/\/pluginaudio.es\/01Blog\/wp-content\/uploads\/n12-1024x564.png 1024w, https:\/\/pluginaudio.es\/01Blog\/wp-content\/uploads\/n12-768x423.png 768w, https:\/\/pluginaudio.es\/01Blog\/wp-content\/uploads\/n12-1536x846.png 1536w\" sizes=\"auto, (max-width: 1918px) 100vw, 1918px\" \/><\/figure><div class=\"wp-block-media-text__content\">\n<p><\/p>\n\n\n\n<blockquote class=\"wp-block-quote is-layout-flow wp-block-quote-is-layout-flow\">\n<p>Dispongo de las herramientas m\u00e1s sofisticadas del mercado, pudiendo realizar mezclas stereo, surround en diversos formatos horizontales y 3D, ambis\u00f3nicas, binaurales y en soporte Dolby Atmos o MPEG-H.<\/p>\n<\/blockquote>\n<\/div><\/div>\n\n\n\n<p><\/p>\n\n\n\n<p class=\"has-regular-font-size\">El proceso de mezcla es una etapa cr\u00edtica en la producci\u00f3n que desempe\u00f1a un papel fundamental en la calidad final de una grabaci\u00f3n. La mezcla como combinaci\u00f3n de m\u00faltiples pistas de audio ha de llevarse a cabo con el objetivo de lograr un sonido equilibrado y coherente. Para eso aplico mi experiencia en distintas fases:<\/p>\n\n\n\n<ul class=\"wp-block-list\">\n<li class=\"has-regular-font-size\"><strong>Claridad y separaci\u00f3n de instrumentos: <\/strong>La mezcla permite que cada instrumento y elemento sonoro en una canci\u00f3n ocupe su propio espacio en el espectro auditivo. Esto significa que los oyentes pueden distinguir claramente cada instrumento, lo que mejora la experiencia musical y permite apreciar todos los detalles de la composici\u00f3n.<\/li>\n\n\n\n<li class=\"has-regular-font-size\"><strong>Balance tonal:<\/strong> La mezcla ayuda a equilibrar las frecuencias, asegurando que est\u00e9n en las proporciones adecuadas. Un buen equilibrio tonal garantiza que la m\u00fasica suene n\u00edtida y no se perciba ni estridente ni apagada.<\/li>\n\n\n\n<li class=\"has-regular-font-size\"><strong>Creaci\u00f3n de atm\u00f3sfera:<\/strong> La mezcla influye en la atm\u00f3sfera y el estado de \u00e1nimo de una canci\u00f3n. La combinaci\u00f3n de efectos, eq y panor\u00e1mica puede transformar una pista, d\u00e1ndole profundidad y amplitud. <\/li>\n\n\n\n<li class=\"has-regular-font-size\"><strong>Enfatizar elementos clave: <\/strong>Durante la mezcla, es posible destacar elementos espec\u00edficos, como la voz principal o un solo de guitarra, para que se destaquen y tomen protagonismo en momentos clave de la canci\u00f3n. Esto gu\u00eda la atenci\u00f3n del oyente y agrega dinamismo a la m\u00fasica.<\/li>\n\n\n\n<li class=\"has-regular-font-size\"><strong>Correcci\u00f3n de errores y ajustes:<\/strong> La mezcla tambi\u00e9n es el momento en el que se pueden corregir imperfecciones en la grabaci\u00f3n, como ruidos no deseados, desafinaciones o problemas de sincron\u00eda. Contamos con una variedad enorme de herramientas de edici\u00f3n para mejorar la calidad general de la grabaci\u00f3n.<\/li>\n\n\n\n<li class=\"has-regular-font-size\"><strong>Adaptaci\u00f3n a diferentes sistemas de reproducci\u00f3n:<\/strong> La mezcla busca que la m\u00fasica suene bien en una variedad de sistemas de reproducci\u00f3n, desde auriculares hasta sistemas de sonido de alta fidelidad. Esto garantiza que la canci\u00f3n sea disfrutable en cualquier entorno.<\/li>\n\n\n\n<li class=\"has-regular-font-size\"><strong>Competitividad en la industria musical: <\/strong>En un mundo donde la m\u00fasica se comparte ampliamente en plataformas de streaming y se escucha en una amplia gama de dispositivos, una mezcla de alta calidad es esencial para destacar entre la competencia. Una mezcla deficiente puede llevar a que una canci\u00f3n pase desapercibida.<\/li>\n<\/ul>\n\n\n\n<h1 class=\"wp-block-heading\"><\/h1>\n\n\n\n<div class=\"wp-block-media-text has-media-on-the-right is-stacked-on-mobile\" style=\"grid-template-columns:auto 28%\"><div class=\"wp-block-media-text__content\">\n<blockquote class=\"wp-block-quote is-layout-flow wp-block-quote-is-layout-flow\">\n<p>Mi trabajo es lograr mezclas que realcen las virtudes de una composici\u00f3n,  ensanchando su campo, armonizando su fondo y ampliando su capacidad expresiva, lo que hace la m\u00fasica m\u00e1s atractiva y emocionante.<\/p>\n<\/blockquote>\n<\/div><figure class=\"wp-block-media-text__media\"><img loading=\"lazy\" decoding=\"async\" width=\"867\" height=\"881\" src=\"https:\/\/pluginaudio.es\/01Blog\/wp-content\/uploads\/c12222.png\" alt=\"\" class=\"wp-image-9579 size-full\" srcset=\"https:\/\/pluginaudio.es\/01Blog\/wp-content\/uploads\/c12222.png 867w, https:\/\/pluginaudio.es\/01Blog\/wp-content\/uploads\/c12222-295x300.png 295w, https:\/\/pluginaudio.es\/01Blog\/wp-content\/uploads\/c12222-768x780.png 768w\" sizes=\"auto, (max-width: 867px) 100vw, 867px\" \/><\/figure><\/div>\n\n\n\n<p class=\"has-regular-font-size\">El equipo que uso para el proceso de mezcla en mi estudio es el siguiente:<\/p>\n\n\n\n<p><\/p>\n\n\n\n<ul class=\"wp-block-list\">\n<li>PluginDAW iX9s workstation<\/li>\n\n\n\n<li>Apple M1<\/li>\n\n\n\n<li>Steinberg Nuendo 14<\/li>\n\n\n\n<li>Spectralayers PRO 12<\/li>\n\n\n\n<li>Izotope Ozone 11<\/li>\n\n\n\n<li>Steinberg UR816C<\/li>\n\n\n\n<li>Steinberg SyncStation<\/li>\n\n\n\n<li>Steinberg CMC Controllers<\/li>\n\n\n\n<li>Adam Audio 5.1 Serie X<\/li>\n\n\n\n<li>Adam Audio Studio Pro SP5<\/li>\n\n\n\n<li>AIAIAI TMA2 Studio Wireless+<\/li>\n<\/ul>\n","protected":false},"excerpt":{"rendered":"<p>Soy tu aliado en la etapa cr\u00edtica, donde todo toma su dimensi\u00f3n El proceso de mezcla es una etapa cr\u00edtica en la producci\u00f3n que desempe\u00f1a&hellip;<\/p>\n","protected":false},"author":1,"featured_media":9362,"parent":0,"menu_order":0,"comment_status":"closed","ping_status":"closed","template":"","meta":{"_monsterinsights_skip_tracking":false,"_monsterinsights_sitenote_active":false,"_monsterinsights_sitenote_note":"","_monsterinsights_sitenote_category":0,"footnotes":""},"class_list":["post-9041","page","type-page","status-publish","has-post-thumbnail","hentry"],"_links":{"self":[{"href":"https:\/\/pluginaudio.es\/01Blog\/wp-json\/wp\/v2\/pages\/9041","targetHints":{"allow":["GET"]}}],"collection":[{"href":"https:\/\/pluginaudio.es\/01Blog\/wp-json\/wp\/v2\/pages"}],"about":[{"href":"https:\/\/pluginaudio.es\/01Blog\/wp-json\/wp\/v2\/types\/page"}],"author":[{"embeddable":true,"href":"https:\/\/pluginaudio.es\/01Blog\/wp-json\/wp\/v2\/users\/1"}],"replies":[{"embeddable":true,"href":"https:\/\/pluginaudio.es\/01Blog\/wp-json\/wp\/v2\/comments?post=9041"}],"version-history":[{"count":58,"href":"https:\/\/pluginaudio.es\/01Blog\/wp-json\/wp\/v2\/pages\/9041\/revisions"}],"predecessor-version":[{"id":9708,"href":"https:\/\/pluginaudio.es\/01Blog\/wp-json\/wp\/v2\/pages\/9041\/revisions\/9708"}],"wp:featuredmedia":[{"embeddable":true,"href":"https:\/\/pluginaudio.es\/01Blog\/wp-json\/wp\/v2\/media\/9362"}],"wp:attachment":[{"href":"https:\/\/pluginaudio.es\/01Blog\/wp-json\/wp\/v2\/media?parent=9041"}],"curies":[{"name":"wp","href":"https:\/\/api.w.org\/{rel}","templated":true}]}}