{"id":9036,"date":"2023-10-06T13:35:58","date_gmt":"2023-10-06T11:35:58","guid":{"rendered":"https:\/\/pluginaudio.es\/01Blog\/?page_id=9036"},"modified":"2025-06-25T17:17:28","modified_gmt":"2025-06-25T15:17:28","slug":"mastering","status":"publish","type":"page","link":"https:\/\/pluginaudio.es\/01Blog\/mastering\/","title":{"rendered":"Mastering"},"content":{"rendered":"\n<h2 class=\"wp-block-heading\" style=\"font-size:30px\">El acabado al detalle marca la diferencia<\/h2>\n\n\n\n<h4 class=\"wp-block-heading\">El proceso de mastering es la etapa final que puede resultar determinante en la calidad de una producci\u00f3n discogr\u00e1fica.<\/h4>\n\n\n\n<div class=\"wp-block-media-text is-stacked-on-mobile\"><figure class=\"wp-block-media-text__media\"><img loading=\"lazy\" decoding=\"async\" width=\"1024\" height=\"576\" src=\"https:\/\/pluginaudio.es\/01Blog\/wp-content\/uploads\/99573-large-1024x576.jpg\" alt=\"\" class=\"wp-image-9462 size-full\" srcset=\"https:\/\/pluginaudio.es\/01Blog\/wp-content\/uploads\/99573-large-1024x576.jpg 1024w, https:\/\/pluginaudio.es\/01Blog\/wp-content\/uploads\/99573-large-300x169.jpg 300w, https:\/\/pluginaudio.es\/01Blog\/wp-content\/uploads\/99573-large-768x432.jpg 768w, https:\/\/pluginaudio.es\/01Blog\/wp-content\/uploads\/99573-large-1536x864.jpg 1536w, https:\/\/pluginaudio.es\/01Blog\/wp-content\/uploads\/99573-large.jpg 2000w\" sizes=\"auto, (max-width: 1024px) 100vw, 1024px\" \/><\/figure><div class=\"wp-block-media-text__content\">\n<blockquote class=\"wp-block-quote is-layout-flow wp-block-quote-is-layout-flow\">\n<p class=\"has-regular-font-size\">Mi objetivo en esta etapa es detallar, pulir, dimensionar y optimizar el audio para su distribuci\u00f3n final, ya sea en formato digital, CD, vinilo o plataformas digitales.<\/p>\n<\/blockquote>\n<\/div><\/div>\n\n\n\n<div class=\"wp-block-columns is-layout-flex wp-container-core-columns-is-layout-9d6595d7 wp-block-columns-is-layout-flex\">\n<div class=\"wp-block-column is-layout-flow wp-block-column-is-layout-flow\" style=\"flex-basis:100%\"><\/div>\n<\/div>\n\n\n\n<div class=\"wp-block-group\"><div class=\"wp-block-group__inner-container is-layout-flow wp-block-group-is-layout-flow\">\n<div class=\"wp-block-group\"><div class=\"wp-block-group__inner-container is-layout-constrained wp-block-group-is-layout-constrained\">\n<div class=\"wp-block-columns is-layout-flex wp-container-core-columns-is-layout-9d6595d7 wp-block-columns-is-layout-flex\">\n<div class=\"wp-block-column is-layout-flow wp-block-column-is-layout-flow\"><div class=\"wp-block-image\">\n<figure class=\"aligncenter size-large\"><img loading=\"lazy\" decoding=\"async\" width=\"1024\" height=\"576\" src=\"https:\/\/pluginaudio.es\/01Blog\/wp-content\/uploads\/99569-large-1024x576.png\" alt=\"\" class=\"wp-image-9460\" srcset=\"https:\/\/pluginaudio.es\/01Blog\/wp-content\/uploads\/99569-large-1024x576.png 1024w, https:\/\/pluginaudio.es\/01Blog\/wp-content\/uploads\/99569-large-300x169.png 300w, https:\/\/pluginaudio.es\/01Blog\/wp-content\/uploads\/99569-large-768x432.png 768w, https:\/\/pluginaudio.es\/01Blog\/wp-content\/uploads\/99569-large-1536x864.png 1536w, https:\/\/pluginaudio.es\/01Blog\/wp-content\/uploads\/99569-large.png 2000w\" sizes=\"auto, (max-width: 1024px) 100vw, 1024px\" \/><\/figure><\/div><\/div>\n\n\n\n<div class=\"wp-block-column is-layout-flow wp-block-column-is-layout-flow\"><div class=\"wp-block-image\">\n<figure class=\"aligncenter size-large\"><img loading=\"lazy\" decoding=\"async\" width=\"1024\" height=\"576\" src=\"https:\/\/pluginaudio.es\/01Blog\/wp-content\/uploads\/99574-large-1024x576.png\" alt=\"\" class=\"wp-image-9461\" srcset=\"https:\/\/pluginaudio.es\/01Blog\/wp-content\/uploads\/99574-large-1024x576.png 1024w, https:\/\/pluginaudio.es\/01Blog\/wp-content\/uploads\/99574-large-300x169.png 300w, https:\/\/pluginaudio.es\/01Blog\/wp-content\/uploads\/99574-large-768x432.png 768w, https:\/\/pluginaudio.es\/01Blog\/wp-content\/uploads\/99574-large-1536x864.png 1536w, https:\/\/pluginaudio.es\/01Blog\/wp-content\/uploads\/99574-large.png 2000w\" sizes=\"auto, (max-width: 1024px) 100vw, 1024px\" \/><\/figure><\/div><\/div>\n<\/div>\n<\/div><\/div>\n<\/div><\/div>\n\n\n\n<div class=\"wp-block-media-text has-media-on-the-right is-stacked-on-mobile\"><div class=\"wp-block-media-text__content\">\n<figure class=\"wp-block-pullquote has-small-font-size\"><blockquote><p>El proceso de mastering es esencial para garantizar que una grabaci\u00f3n de audio suene lo mejor posible en todas las condiciones de reproducci\u00f3n y cumpla con los est\u00e1ndares de calidad de la industria. Me gusta implicarme a fondo en este proceso, utilizando mi experiencia y equipo para pulir tu sonido antes de su lanzamiento al p\u00fablico.<\/p><\/blockquote><\/figure>\n<\/div><figure class=\"wp-block-media-text__media\"><img loading=\"lazy\" decoding=\"async\" width=\"1024\" height=\"576\" src=\"https:\/\/pluginaudio.es\/01Blog\/wp-content\/uploads\/69573-extra-large-1024x576.png\" alt=\"\" class=\"wp-image-9545 size-full\" srcset=\"https:\/\/pluginaudio.es\/01Blog\/wp-content\/uploads\/69573-extra-large-1024x576.png 1024w, https:\/\/pluginaudio.es\/01Blog\/wp-content\/uploads\/69573-extra-large-300x169.png 300w, https:\/\/pluginaudio.es\/01Blog\/wp-content\/uploads\/69573-extra-large-768x432.png 768w, https:\/\/pluginaudio.es\/01Blog\/wp-content\/uploads\/69573-extra-large-1536x864.png 1536w, https:\/\/pluginaudio.es\/01Blog\/wp-content\/uploads\/69573-extra-large-2048x1152.png 2048w\" sizes=\"auto, (max-width: 1024px) 100vw, 1024px\" \/><\/figure><\/div>\n\n\n\n<p>El equipo que uso para el proceso de mastering y DDP Authoring es el siguiente:<\/p>\n\n\n\n<ul class=\"wp-block-list\">\n<li>PluginDAW iX9s workstation<\/li>\n\n\n\n<li>Apple M1<\/li>\n\n\n\n<li>Steinberg Wavelab PRO 12<\/li>\n\n\n\n<li>Spectralayers PRO 12<\/li>\n\n\n\n<li>Izotope Ozone 11<\/li>\n\n\n\n<li>Steinberg UR816C<\/li>\n\n\n\n<li>Steinberg SyncStation<\/li>\n\n\n\n<li>Steinberg CMC Controllers<\/li>\n\n\n\n<li>Adam Audio 5.1 Serie X<\/li>\n\n\n\n<li>Adam Audio Studio Pro SP5<\/li>\n\n\n\n<li>AIAIAI TMA2 Studio Wireless+<\/li>\n<\/ul>\n","protected":false},"excerpt":{"rendered":"<p>El acabado al detalle marca la diferencia El proceso de mastering es la etapa final que puede resultar determinante en la calidad de una producci\u00f3n&hellip;<\/p>\n","protected":false},"author":1,"featured_media":9063,"parent":0,"menu_order":0,"comment_status":"closed","ping_status":"closed","template":"","meta":{"_monsterinsights_skip_tracking":false,"_monsterinsights_sitenote_active":false,"_monsterinsights_sitenote_note":"","_monsterinsights_sitenote_category":0,"footnotes":""},"class_list":["post-9036","page","type-page","status-publish","has-post-thumbnail","hentry"],"_links":{"self":[{"href":"https:\/\/pluginaudio.es\/01Blog\/wp-json\/wp\/v2\/pages\/9036","targetHints":{"allow":["GET"]}}],"collection":[{"href":"https:\/\/pluginaudio.es\/01Blog\/wp-json\/wp\/v2\/pages"}],"about":[{"href":"https:\/\/pluginaudio.es\/01Blog\/wp-json\/wp\/v2\/types\/page"}],"author":[{"embeddable":true,"href":"https:\/\/pluginaudio.es\/01Blog\/wp-json\/wp\/v2\/users\/1"}],"replies":[{"embeddable":true,"href":"https:\/\/pluginaudio.es\/01Blog\/wp-json\/wp\/v2\/comments?post=9036"}],"version-history":[{"count":49,"href":"https:\/\/pluginaudio.es\/01Blog\/wp-json\/wp\/v2\/pages\/9036\/revisions"}],"predecessor-version":[{"id":9707,"href":"https:\/\/pluginaudio.es\/01Blog\/wp-json\/wp\/v2\/pages\/9036\/revisions\/9707"}],"wp:featuredmedia":[{"embeddable":true,"href":"https:\/\/pluginaudio.es\/01Blog\/wp-json\/wp\/v2\/media\/9063"}],"wp:attachment":[{"href":"https:\/\/pluginaudio.es\/01Blog\/wp-json\/wp\/v2\/media?parent=9036"}],"curies":[{"name":"wp","href":"https:\/\/api.w.org\/{rel}","templated":true}]}}