{"id":9033,"date":"2023-10-06T13:29:29","date_gmt":"2023-10-06T11:29:29","guid":{"rendered":"https:\/\/pluginaudio.es\/01Blog\/?page_id=9033"},"modified":"2025-06-24T09:06:17","modified_gmt":"2025-06-24T07:06:17","slug":"produccion-musical","status":"publish","type":"page","link":"https:\/\/pluginaudio.es\/01Blog\/produccion-musical\/","title":{"rendered":"Producci\u00f3n Musical"},"content":{"rendered":"\n<h2 class=\"wp-block-heading\" style=\"font-size:30px\">Te ayudo a dar vida a tu m\u00fasica<\/h2>\n\n\n\n<p><\/p>\n\n\n\n<p><\/p>\n\n\n\n<p class=\"has-regular-font-size\">La relevancia de la preproducci\u00f3n a la hora de plantear un trabajo discogr\u00e1fico es enorme. Todas las horas dedicadas a preparar las composiciones para ser grabadas e interpretadas en el estudio son primordiales para llegar con solvencia al momento del REC, y tienen igual o m\u00e1s importancia que una buena producci\u00f3n o un grandilocuente ornamento post-pro.<\/p>\n\n\n\n<p class=\"has-regular-font-size\"><\/p>\n\n\n\n<div class=\"wp-block-media-text is-stacked-on-mobile\"><figure class=\"wp-block-media-text__media\"><img loading=\"lazy\" decoding=\"async\" width=\"1024\" height=\"421\" src=\"https:\/\/pluginaudio.es\/01Blog\/wp-content\/uploads\/NV-1024x421.jpg\" alt=\"\" class=\"wp-image-9490 size-full\" srcset=\"https:\/\/pluginaudio.es\/01Blog\/wp-content\/uploads\/NV-1024x421.jpg 1024w, https:\/\/pluginaudio.es\/01Blog\/wp-content\/uploads\/NV-300x123.jpg 300w, https:\/\/pluginaudio.es\/01Blog\/wp-content\/uploads\/NV-768x316.jpg 768w, https:\/\/pluginaudio.es\/01Blog\/wp-content\/uploads\/NV-1536x632.jpg 1536w, https:\/\/pluginaudio.es\/01Blog\/wp-content\/uploads\/NV-2048x842.jpg 2048w\" sizes=\"auto, (max-width: 1024px) 100vw, 1024px\" \/><\/figure><div class=\"wp-block-media-text__content\">\n<blockquote class=\"wp-block-quote is-layout-flow wp-block-quote-is-layout-flow\">\n<p>Mi experiencia puede ayudarte a comprender y aplicar todos los procesos necesarios para llevar tus producciones al siguiente nivel.<\/p>\n<\/blockquote>\n<\/div><\/div>\n\n\n\n<p class=\"has-regular-font-size\">Soy un productor <em><strong>in the box<\/strong><\/em>, por lo que mi flujo de trabajo a la hora de componer, arreglar y dise\u00f1ar paisajes sonoros se basa en instrumentos virtuales.  Y tengo una colecci\u00f3n enorme. En el caso de Steinberg atesoro la absoluta totalidad de su amplia gama de VSTi\u00b4s, desde sintetizadores granulares hasta librer\u00edas orquestales de alta gama. En Native Instruments, la otra marca de referencia con la que llevo 20 a\u00f1os trabajando, dispongo de m\u00e1s de 100 instrumentos de todo tipo. Con semejante arsenal sonoro puedo llevar a cabo cualquier proyecto con absoluta solvencia.<\/p>\n\n\n<div class=\"wp-block-image\">\n<figure class=\"aligncenter size-large\"><img loading=\"lazy\" decoding=\"async\" width=\"1024\" height=\"448\" src=\"https:\/\/pluginaudio.es\/01Blog\/wp-content\/uploads\/img-ce-komplete-14-collectors-edition-product-page-02-have-it-all-v2-7cc5a8a049eb96e2745a02ddbeac3bd0-d-1024x448.jpg\" alt=\"\" class=\"wp-image-9397\" srcset=\"https:\/\/pluginaudio.es\/01Blog\/wp-content\/uploads\/img-ce-komplete-14-collectors-edition-product-page-02-have-it-all-v2-7cc5a8a049eb96e2745a02ddbeac3bd0-d-1024x448.jpg 1024w, https:\/\/pluginaudio.es\/01Blog\/wp-content\/uploads\/img-ce-komplete-14-collectors-edition-product-page-02-have-it-all-v2-7cc5a8a049eb96e2745a02ddbeac3bd0-d-300x131.jpg 300w, https:\/\/pluginaudio.es\/01Blog\/wp-content\/uploads\/img-ce-komplete-14-collectors-edition-product-page-02-have-it-all-v2-7cc5a8a049eb96e2745a02ddbeac3bd0-d-768x336.jpg 768w, https:\/\/pluginaudio.es\/01Blog\/wp-content\/uploads\/img-ce-komplete-14-collectors-edition-product-page-02-have-it-all-v2-7cc5a8a049eb96e2745a02ddbeac3bd0-d-1536x672.jpg 1536w, https:\/\/pluginaudio.es\/01Blog\/wp-content\/uploads\/img-ce-komplete-14-collectors-edition-product-page-02-have-it-all-v2-7cc5a8a049eb96e2745a02ddbeac3bd0-d.jpg 1600w\" sizes=\"auto, (max-width: 1024px) 100vw, 1024px\" \/><\/figure><\/div>\n\n\n<figure class=\"wp-block-pullquote\"><blockquote><p>Cuento con todas las herramientas top de marcas como Steinberg y Native Instruments con las mejores librer\u00edas y VST\u00b4s del m\u00e1s alto nivel. Domino las plataformas HALion, Komplete, Maschine y Reaktor para nutrir tus composiciones de bajos gruesos, melod\u00edas electrizantes, armon\u00edas enormes y percusiones demoledoras.<\/p><\/blockquote><\/figure>\n\n\n\n<ul class=\"wp-block-list\">\n<li>PluginDAW iX9s workstation<\/li>\n\n\n\n<li>Apple M1<\/li>\n\n\n\n<li>Steinberg Cubase PRO 14<\/li>\n\n\n\n<li>Steinberg Dorico 5<\/li>\n\n\n\n<li>Steinberg Iconica Opus, Ensembles, Sections &amp; Players<\/li>\n\n\n\n<li>Steinberg Symphonic Orchestra<\/li>\n\n\n\n<li>Steinberg Absolute 6 VST Collection<\/li>\n\n\n\n<li>Steinberg HALion 7<\/li>\n\n\n\n<li>Native Instruments Komplete 14 Collector\u00b4s Edition<\/li>\n\n\n\n<li>Native Instruments Maschine MK3<\/li>\n\n\n\n<li>Native Instruments Maschine Plus<\/li>\n\n\n\n<li>Native Instruments S49 MK3<\/li>\n<\/ul>\n\n\n\n<p><\/p>\n","protected":false},"excerpt":{"rendered":"<p>Te ayudo a dar vida a tu m\u00fasica La relevancia de la preproducci\u00f3n a la hora de plantear un trabajo discogr\u00e1fico es enorme. Todas las&hellip;<\/p>\n","protected":false},"author":1,"featured_media":9389,"parent":0,"menu_order":0,"comment_status":"closed","ping_status":"closed","template":"","meta":{"_monsterinsights_skip_tracking":false,"_monsterinsights_sitenote_active":false,"_monsterinsights_sitenote_note":"","_monsterinsights_sitenote_category":0,"footnotes":""},"class_list":["post-9033","page","type-page","status-publish","has-post-thumbnail","hentry"],"_links":{"self":[{"href":"https:\/\/pluginaudio.es\/01Blog\/wp-json\/wp\/v2\/pages\/9033","targetHints":{"allow":["GET"]}}],"collection":[{"href":"https:\/\/pluginaudio.es\/01Blog\/wp-json\/wp\/v2\/pages"}],"about":[{"href":"https:\/\/pluginaudio.es\/01Blog\/wp-json\/wp\/v2\/types\/page"}],"author":[{"embeddable":true,"href":"https:\/\/pluginaudio.es\/01Blog\/wp-json\/wp\/v2\/users\/1"}],"replies":[{"embeddable":true,"href":"https:\/\/pluginaudio.es\/01Blog\/wp-json\/wp\/v2\/comments?post=9033"}],"version-history":[{"count":41,"href":"https:\/\/pluginaudio.es\/01Blog\/wp-json\/wp\/v2\/pages\/9033\/revisions"}],"predecessor-version":[{"id":9705,"href":"https:\/\/pluginaudio.es\/01Blog\/wp-json\/wp\/v2\/pages\/9033\/revisions\/9705"}],"wp:featuredmedia":[{"embeddable":true,"href":"https:\/\/pluginaudio.es\/01Blog\/wp-json\/wp\/v2\/media\/9389"}],"wp:attachment":[{"href":"https:\/\/pluginaudio.es\/01Blog\/wp-json\/wp\/v2\/media?parent=9033"}],"curies":[{"name":"wp","href":"https:\/\/api.w.org\/{rel}","templated":true}]}}